{"id":565,"date":"2025-12-06T19:32:38","date_gmt":"2025-12-06T16:32:38","guid":{"rendered":"https:\/\/www.vdsfiberoptik.com\/?page_id=565"},"modified":"2025-12-10T21:54:25","modified_gmt":"2025-12-10T18:54:25","slug":"fiber-kanallet-sistemleri","status":"publish","type":"page","link":"https:\/\/www.vdsfiberoptik.com\/?page_id=565","title":{"rendered":"Fiber Kanalet Sistemleri"},"content":{"rendered":"\n<div id=\"wp-block-themeisle-blocks-advanced-columns-8fbb683b\" class=\"wp-block-themeisle-blocks-advanced-columns alignfull has-2-columns has-desktop-equal-layout has-tablet-equal-layout has-mobile-collapsedRows-layout has-vertical-unset\"><div class=\"wp-block-themeisle-blocks-advanced-columns-overlay\"><\/div><div class=\"innerblocks-wrap\">\n<div id=\"wp-block-themeisle-blocks-advanced-column-620e3016\" class=\"wp-block-themeisle-blocks-advanced-column\">\n<h2 class=\"wp-block-heading has-white-color has-text-color has-link-color wp-elements-729d2861c8ee32caebc9e12af678dea8\" style=\"font-size:50px\"><strong>Fiber Kanalet Sistemleri<\/strong><\/h2>\n\n\n\n<p class=\"has-white-color has-text-color has-link-color wp-elements-bbdd57ec96b57acc33abbd101a9b3126\"><strong>Fiber kablolar\u0131n sa\u011fl\u0131kl\u0131 \u00e7al\u0131\u015fmas\u0131 i\u00e7in koruyucu kanal, boru ve tava sistemleri do\u011fru \u015fekilde kurulmal\u0131d\u0131r. Bu kapsamda fiber kanalet montajlar\u0131n\u0131, kablo g\u00fczergahlar\u0131n\u0131 ve ta\u015f\u0131y\u0131c\u0131 sistemlerini projeye uygun olarak olu\u015fturuyoruz. Hem g\u00fcvenli hem de d\u00fczenli bir altyap\u0131 elde ederek kablolar\u0131n zarar g\u00f6rmesini engelliyoruz.<\/strong><\/p>\n<\/div>\n\n\n\n<div id=\"wp-block-themeisle-blocks-advanced-column-df784873\" class=\"wp-block-themeisle-blocks-advanced-column\">\n<figure class=\"wp-block-image size-full has-custom-border is-style-default\" style=\"margin-right:var(--wp--preset--spacing--20);margin-left:var(--wp--preset--spacing--20)\"><img data-opt-id=1356677057  fetchpriority=\"high\" decoding=\"async\" width=\"600\" height=\"300\" src=\"https:\/\/mlfg9oq6dozq.i.optimole.com\/w:auto\/h:auto\/q:mauto\/f:best\/https:\/\/www.vdsfiberoptik.com\/wp-content\/uploads\/2025\/12\/image-600x300-8.png\" alt=\"\" class=\"wp-image-369\" style=\"border-style:none;border-width:0px;border-radius:0px\" srcset=\"https:\/\/mlfg9oq6dozq.i.optimole.com\/w:600\/h:300\/q:mauto\/f:best\/https:\/\/www.vdsfiberoptik.com\/wp-content\/uploads\/2025\/12\/image-600x300-8.png 600w, https:\/\/mlfg9oq6dozq.i.optimole.com\/w:300\/h:150\/q:mauto\/f:best\/https:\/\/www.vdsfiberoptik.com\/wp-content\/uploads\/2025\/12\/image-600x300-8.png 300w\" sizes=\"(max-width: 600px) 100vw, 600px\" \/><\/figure>\n<\/div>\n<\/div><\/div>\n","protected":false},"excerpt":{"rendered":"","protected":false},"author":1,"featured_media":0,"parent":0,"menu_order":0,"comment_status":"closed","ping_status":"closed","template":"","meta":{"_themeisle_gutenberg_block_has_review":false,"footnotes":""},"class_list":["post-565","page","type-page","status-publish","hentry"],"_links":{"self":[{"href":"https:\/\/www.vdsfiberoptik.com\/index.php?rest_route=\/wp\/v2\/pages\/565","targetHints":{"allow":["GET"]}}],"collection":[{"href":"https:\/\/www.vdsfiberoptik.com\/index.php?rest_route=\/wp\/v2\/pages"}],"about":[{"href":"https:\/\/www.vdsfiberoptik.com\/index.php?rest_route=\/wp\/v2\/types\/page"}],"author":[{"embeddable":true,"href":"https:\/\/www.vdsfiberoptik.com\/index.php?rest_route=\/wp\/v2\/users\/1"}],"replies":[{"embeddable":true,"href":"https:\/\/www.vdsfiberoptik.com\/index.php?rest_route=%2Fwp%2Fv2%2Fcomments&post=565"}],"version-history":[{"count":3,"href":"https:\/\/www.vdsfiberoptik.com\/index.php?rest_route=\/wp\/v2\/pages\/565\/revisions"}],"predecessor-version":[{"id":701,"href":"https:\/\/www.vdsfiberoptik.com\/index.php?rest_route=\/wp\/v2\/pages\/565\/revisions\/701"}],"wp:attachment":[{"href":"https:\/\/www.vdsfiberoptik.com\/index.php?rest_route=%2Fwp%2Fv2%2Fmedia&parent=565"}],"curies":[{"name":"wp","href":"https:\/\/api.w.org\/{rel}","templated":true}]}}