{"id":445,"date":"2025-12-06T15:18:55","date_gmt":"2025-12-06T12:18:55","guid":{"rendered":"https:\/\/www.vdsfiberoptik.com\/?page_id=445"},"modified":"2025-12-11T20:57:03","modified_gmt":"2025-12-11T17:57:03","slug":"rack-kabin-duzenleme-tasima-ve-kurulum","status":"publish","type":"page","link":"https:\/\/www.vdsfiberoptik.com\/?page_id=445","title":{"rendered":"Rack Kabin D\u00fczenleme Ta\u015f\u0131ma ve Kurulum"},"content":{"rendered":"\n<div id=\"wp-block-themeisle-blocks-advanced-columns-8fbb683b\" class=\"wp-block-themeisle-blocks-advanced-columns alignfull has-2-columns has-desktop-equal-layout has-tablet-equal-layout has-mobile-collapsedRows-layout has-vertical-center\"><div class=\"wp-block-themeisle-blocks-advanced-columns-overlay\"><\/div><div class=\"innerblocks-wrap\">\n<div id=\"wp-block-themeisle-blocks-advanced-column-620e3016\" class=\"wp-block-themeisle-blocks-advanced-column\">\n<h2 class=\"wp-block-heading has-white-color has-text-color has-link-color wp-elements-ec7c8bc84787c73c8be6205d128a8928\" style=\"font-size:50px\"><strong><strong>Rack Kabin D\u00fczenleme Ta\u015f\u0131ma ve Kurulum<\/strong><\/strong><\/h2>\n\n\n\n<p class=\"has-white-color has-text-color has-link-color wp-elements-0e50a0377e8555d88beb93e28b2cf732\"><strong>Kar\u0131\u015f\u0131k, d\u00fczensiz veya verimsiz \u00e7al\u0131\u015fan sistem odalar\u0131n\u0131 yeniden d\u00fczenliyor, kablo y\u00f6netimini profesyonel \u015fekilde yap\u0131yor ve cihazlar\u0131n yerle\u015fimini optimize ediyoruz. Yeni sistem odas\u0131 kurulumlar\u0131nda ise proje olu\u015fturma, kablolama, enerji altyap\u0131s\u0131 ve rack d\u00fczenine kadar t\u00fcm s\u00fcreci eksiksiz \u015fekilde y\u00f6netiyoruz. Daha g\u00fcvenli, d\u00fczenli ve uzun \u00f6m\u00fcrl\u00fc bir sistem odas\u0131 ortaya \u00e7\u0131kart\u0131yoruz.<\/strong><\/p>\n<\/div>\n\n\n\n<div id=\"wp-block-themeisle-blocks-advanced-column-df784873\" class=\"wp-block-themeisle-blocks-advanced-column\">\n<figure class=\"wp-block-image size-full is-resized has-custom-border\" style=\"margin-right:var(--wp--preset--spacing--20);margin-left:var(--wp--preset--spacing--20)\"><img data-opt-id=89232209  fetchpriority=\"high\" decoding=\"async\" width=\"600\" height=\"300\" src=\"https:\/\/mlfg9oq6dozq.i.optimole.com\/w:auto\/h:auto\/q:mauto\/f:best\/http:\/\/www.vdsfiberoptik.com\/wp-content\/uploads\/2025\/12\/image-600x300-5.png\" alt=\"\" class=\"wp-image-367\" style=\"border-style:none;border-width:0px;border-radius:0px;aspect-ratio:4\/3;object-fit:cover;width:341px;height:auto\" srcset=\"https:\/\/mlfg9oq6dozq.i.optimole.com\/w:600\/h:300\/q:mauto\/f:best\/https:\/\/www.vdsfiberoptik.com\/wp-content\/uploads\/2025\/12\/image-600x300-5.png 600w, https:\/\/mlfg9oq6dozq.i.optimole.com\/w:300\/h:150\/q:mauto\/f:best\/https:\/\/www.vdsfiberoptik.com\/wp-content\/uploads\/2025\/12\/image-600x300-5.png 300w\" sizes=\"(max-width: 600px) 100vw, 600px\" \/><\/figure>\n<\/div>\n<\/div><\/div>\n","protected":false},"excerpt":{"rendered":"","protected":false},"author":2,"featured_media":0,"parent":0,"menu_order":0,"comment_status":"closed","ping_status":"closed","template":"","meta":{"_themeisle_gutenberg_block_has_review":false,"footnotes":""},"class_list":["post-445","page","type-page","status-publish","hentry"],"_links":{"self":[{"href":"https:\/\/www.vdsfiberoptik.com\/index.php?rest_route=\/wp\/v2\/pages\/445","targetHints":{"allow":["GET"]}}],"collection":[{"href":"https:\/\/www.vdsfiberoptik.com\/index.php?rest_route=\/wp\/v2\/pages"}],"about":[{"href":"https:\/\/www.vdsfiberoptik.com\/index.php?rest_route=\/wp\/v2\/types\/page"}],"author":[{"embeddable":true,"href":"https:\/\/www.vdsfiberoptik.com\/index.php?rest_route=\/wp\/v2\/users\/2"}],"replies":[{"embeddable":true,"href":"https:\/\/www.vdsfiberoptik.com\/index.php?rest_route=%2Fwp%2Fv2%2Fcomments&post=445"}],"version-history":[{"count":7,"href":"https:\/\/www.vdsfiberoptik.com\/index.php?rest_route=\/wp\/v2\/pages\/445\/revisions"}],"predecessor-version":[{"id":702,"href":"https:\/\/www.vdsfiberoptik.com\/index.php?rest_route=\/wp\/v2\/pages\/445\/revisions\/702"}],"wp:attachment":[{"href":"https:\/\/www.vdsfiberoptik.com\/index.php?rest_route=%2Fwp%2Fv2%2Fmedia&parent=445"}],"curies":[{"name":"wp","href":"https:\/\/api.w.org\/{rel}","templated":true}]}}