{"id":422,"date":"2025-12-06T14:47:51","date_gmt":"2025-12-06T11:47:51","guid":{"rendered":"http:\/\/www.vdsfiberoptik.com\/?page_id=422"},"modified":"2025-12-11T00:37:58","modified_gmt":"2025-12-10T21:37:58","slug":"yapisal-kablolama","status":"publish","type":"page","link":"https:\/\/www.vdsfiberoptik.com\/?page_id=422","title":{"rendered":"Yap\u0131sal Kablolama"},"content":{"rendered":"\n<div id=\"wp-block-themeisle-blocks-advanced-columns-8fbb683b\" class=\"wp-block-themeisle-blocks-advanced-columns alignfull has-2-columns has-desktop-equal-layout has-tablet-equal-layout has-mobile-collapsedRows-layout has-vertical-center\"><div class=\"wp-block-themeisle-blocks-advanced-columns-overlay\"><\/div><div class=\"innerblocks-wrap\">\n<div id=\"wp-block-themeisle-blocks-advanced-column-620e3016\" class=\"wp-block-themeisle-blocks-advanced-column\">\n<h3 class=\"wp-block-heading has-white-color has-text-color has-link-color wp-elements-a7d8bb611790974328d5acaa7e9a8e22\" style=\"font-size:40px\">Yap\u0131sal Kablolama<br>Data Cat6 Network Sonland\u0131rma<\/h3>\n\n\n\n<p class=\"has-white-color has-text-color has-link-color wp-elements-58ce4760631a99188f43e643ff44f265\"><strong>\u0130\u015fletmelerin veri ileti\u015fim altyap\u0131s\u0131n\u0131 olu\u015fturan Cat6 kablolama sistemlerinin \u00e7ekimi, u\u00e7 sonland\u0131rmalar\u0131 ve patch panel ba\u011flant\u0131lar\u0131n\u0131 standartlara uygun \u015fekilde ger\u00e7ekle\u015ftiriyoruz. Kablolama d\u00fczenini optimize ederek daha stabil, h\u0131zl\u0131 ve sorunsuz \u00e7al\u0131\u015fan bir network altyap\u0131s\u0131 olu\u015fturuyoruz. Kurulum sonras\u0131 t\u00fcm hatlar\u0131n testlerini yaparak altyap\u0131n\u0131z\u0131n performans\u0131n\u0131 raporluyoruz.<\/strong><\/p>\n<\/div>\n\n\n\n<div id=\"wp-block-themeisle-blocks-advanced-column-6b890c9e\" class=\"wp-block-themeisle-blocks-advanced-column\">\n<figure class=\"wp-block-image size-full is-resized\"><img data-opt-id=1253194466  fetchpriority=\"high\" decoding=\"async\" width=\"259\" height=\"194\" src=\"https:\/\/mlfg9oq6dozq.i.optimole.com\/w:auto\/h:auto\/q:mauto\/f:best\/http:\/\/www.vdsfiberoptik.com\/wp-content\/uploads\/2025\/12\/images-2.jpg\" alt=\"\" class=\"wp-image-450\" style=\"aspect-ratio:1;object-fit:cover;width:348px;height:auto\"\/><\/figure>\n<\/div>\n<\/div><\/div>\n","protected":false},"excerpt":{"rendered":"","protected":false},"author":1,"featured_media":0,"parent":0,"menu_order":0,"comment_status":"closed","ping_status":"closed","template":"","meta":{"_themeisle_gutenberg_block_has_review":false,"footnotes":""},"class_list":["post-422","page","type-page","status-publish","hentry"],"_links":{"self":[{"href":"https:\/\/www.vdsfiberoptik.com\/index.php?rest_route=\/wp\/v2\/pages\/422","targetHints":{"allow":["GET"]}}],"collection":[{"href":"https:\/\/www.vdsfiberoptik.com\/index.php?rest_route=\/wp\/v2\/pages"}],"about":[{"href":"https:\/\/www.vdsfiberoptik.com\/index.php?rest_route=\/wp\/v2\/types\/page"}],"author":[{"embeddable":true,"href":"https:\/\/www.vdsfiberoptik.com\/index.php?rest_route=\/wp\/v2\/users\/1"}],"replies":[{"embeddable":true,"href":"https:\/\/www.vdsfiberoptik.com\/index.php?rest_route=%2Fwp%2Fv2%2Fcomments&post=422"}],"version-history":[{"count":16,"href":"https:\/\/www.vdsfiberoptik.com\/index.php?rest_route=\/wp\/v2\/pages\/422\/revisions"}],"predecessor-version":[{"id":735,"href":"https:\/\/www.vdsfiberoptik.com\/index.php?rest_route=\/wp\/v2\/pages\/422\/revisions\/735"}],"wp:attachment":[{"href":"https:\/\/www.vdsfiberoptik.com\/index.php?rest_route=%2Fwp%2Fv2%2Fmedia&parent=422"}],"curies":[{"name":"wp","href":"https:\/\/api.w.org\/{rel}","templated":true}]}}