{"id":20,"date":"2025-12-05T19:32:21","date_gmt":"2025-12-05T16:32:21","guid":{"rendered":"https:\/\/www.vdsfiberoptik.com\/?page_id=20"},"modified":"2025-12-11T20:53:58","modified_gmt":"2025-12-11T17:53:58","slug":"cozumlerimiz","status":"publish","type":"page","link":"https:\/\/www.vdsfiberoptik.com\/?page_id=20","title":{"rendered":"Hizmetlerimiz"},"content":{"rendered":"\n<section id=\"services\" class=\"wp-block-themeisle-blocks-advanced-columns alignwide has-1-columns has-desktop-equal-layout has-tablet-equal-layout has-mobile-equal-layout has-vertical-flex-start\"><div class=\"wp-block-themeisle-blocks-advanced-columns-overlay\"><\/div><div class=\"innerblocks-wrap\">\n<div id=\"wp-block-themeisle-blocks-advanced-column-9642dc3f\" class=\"wp-block-themeisle-blocks-advanced-column\">\n<section id=\"wp-block-themeisle-blocks-advanced-columns-b48d4e37\" class=\"wp-block-themeisle-blocks-advanced-columns has-2-columns has-desktop-equal-layout has-tablet-equal-layout has-mobile-collapsedRows-layout has-vertical-flex-start\"><div class=\"wp-block-themeisle-blocks-advanced-columns-overlay\"><\/div><div class=\"innerblocks-wrap\">\n<div id=\"wp-block-themeisle-blocks-advanced-column-66083e85\" class=\"wp-block-themeisle-blocks-advanced-column animated zoomIn has-light-bg\">\n<figure class=\"wp-block-image size-full has-custom-border\"><img data-opt-id=1480579439  fetchpriority=\"high\" decoding=\"async\" width=\"600\" height=\"300\" src=\"https:\/\/mlfg9oq6dozq.i.optimole.com\/w:auto\/h:auto\/q:mauto\/f:best\/http:\/\/www.vdsfiberoptik.com\/wp-content\/uploads\/2025\/12\/image-600x300-1.png\" alt=\"\" class=\"wp-image-360\" style=\"border-style:none;border-width:0px;border-radius:0px\" srcset=\"https:\/\/mlfg9oq6dozq.i.optimole.com\/w:600\/h:300\/q:mauto\/f:best\/https:\/\/www.vdsfiberoptik.com\/wp-content\/uploads\/2025\/12\/image-600x300-1.png 600w, https:\/\/mlfg9oq6dozq.i.optimole.com\/w:300\/h:150\/q:mauto\/f:best\/https:\/\/www.vdsfiberoptik.com\/wp-content\/uploads\/2025\/12\/image-600x300-1.png 300w\" sizes=\"(max-width: 600px) 100vw, 600px\" \/><\/figure>\n\n\n\n<div id=\"wp-block-themeisle-blocks-advanced-columns-4b5de560\" class=\"wp-block-themeisle-blocks-advanced-columns has-1-columns has-desktop-equal-layout has-tablet-equal-layout has-mobile-equal-layout has-vertical-unset has-default-gap\"><div class=\"wp-block-themeisle-blocks-advanced-columns-overlay\"><\/div><div class=\"innerblocks-wrap\">\n<div id=\"wp-block-themeisle-blocks-advanced-column-a099189f\" class=\"wp-block-themeisle-blocks-advanced-column\">\n<h4 class=\"wp-block-heading has-text-color has-link-color wp-elements-ed44644ea76acd35b2cf7cd3495a54a9\" style=\"color:#070731;margin-top:0px\">Fiberoptik Sonland\u0131rma (Fiber F\u00fczyon) Ve Fiber Servis Hizmeti<\/h4>\n\n\n\n<p class=\"has-text-color has-link-color wp-elements-ffdfdd856fbfa0a08f821335f08f8cb6\" style=\"color:#070731\">Fiber hatlar\u0131n u\u00e7lar\u0131n\u0131n birle\u015ftirilmesi, ek kutusu sonland\u0131rma, patch panel ba\u011flant\u0131lar\u0131 ve saha i\u00e7i fiber test i\u015flemlerini profesyonel ekipmanlarla ger\u00e7ekle\u015ftiriyoruz. Kesintisiz ve kaliteli ileti\u015fim i\u00e7in g\u00fcvenilir f\u00fczyon sonland\u0131rma hizmeti sunuyoruz.<\/p>\n\n\n\n<h6 class=\"wp-block-heading has-text-color\" style=\"color:#fdb72b\"><a href=\"http:\/\/www.vdsfiberoptik.com\/?page_id=394\">Bilgi Edinin<\/a><\/h6>\n\n\n\n<div style=\"height:20px\" aria-hidden=\"true\" class=\"wp-block-spacer\"><\/div>\n<\/div>\n<\/div><\/div>\n<\/div>\n\n\n\n<div id=\"wp-block-themeisle-blocks-advanced-column-a6fa96e8\" class=\"wp-block-themeisle-blocks-advanced-column has-light-bg animated zoomIn\">\n<figure class=\"wp-block-image size-full has-custom-border\"><img data-opt-id=230526420  fetchpriority=\"high\" decoding=\"async\" width=\"600\" height=\"300\" src=\"https:\/\/mlfg9oq6dozq.i.optimole.com\/w:auto\/h:auto\/q:mauto\/f:best\/http:\/\/www.vdsfiberoptik.com\/wp-content\/uploads\/2025\/12\/image-600x300-1-1.png\" alt=\"\" class=\"wp-image-362\" style=\"border-style:none;border-width:0px;border-radius:0px\" srcset=\"https:\/\/mlfg9oq6dozq.i.optimole.com\/w:600\/h:300\/q:mauto\/f:best\/https:\/\/www.vdsfiberoptik.com\/wp-content\/uploads\/2025\/12\/image-600x300-1-1.png 600w, https:\/\/mlfg9oq6dozq.i.optimole.com\/w:300\/h:150\/q:mauto\/f:best\/https:\/\/www.vdsfiberoptik.com\/wp-content\/uploads\/2025\/12\/image-600x300-1-1.png 300w\" sizes=\"(max-width: 600px) 100vw, 600px\" \/><\/figure>\n\n\n\n<div id=\"wp-block-themeisle-blocks-advanced-columns-66b52fa1\" class=\"wp-block-themeisle-blocks-advanced-columns has-1-columns has-desktop-equal-layout has-tablet-equal-layout has-mobile-equal-layout has-vertical-unset has-default-gap\"><div class=\"wp-block-themeisle-blocks-advanced-columns-overlay\"><\/div><div class=\"innerblocks-wrap\">\n<div id=\"wp-block-themeisle-blocks-advanced-column-5ad95ea8\" class=\"wp-block-themeisle-blocks-advanced-column\">\n<h4 class=\"wp-block-heading has-text-color has-link-color wp-elements-5ec344bc6d939174ee8c5310236e32dc\" style=\"color:#070731;margin-top:0px\">Fiberoptik Otdr Test, Raporlama Ve Sertfikasyon Hizmeti<\/h4>\n\n\n\n<p class=\"has-text-color has-link-color wp-elements-000b3eaba896fef4f58a6454e41f52cc\" style=\"color:#070731\">Fiber hatlardaki k\u0131r\u0131lmalar\u0131, zay\u0131flamalar\u0131 ve mesafe de\u011ferlerini OTDR cihazlar\u0131 ile \u00f6l\u00e7erek detayl\u0131 raporlar olu\u015fturuyoruz. Projeleriniz i\u00e7in gerekli t\u00fcm sertifikasyon s\u00fcre\u00e7lerini eksiksiz \u015fekilde sa\u011fl\u0131yoruz.<\/p>\n\n\n\n<h6 class=\"wp-block-heading has-text-color\" style=\"color:#fdb72b\"><a href=\"http:\/\/www.vdsfiberoptik.com\/?page_id=2\">Bilgi Edinin<\/a><\/h6>\n\n\n\n<div style=\"height:20px\" aria-hidden=\"true\" class=\"wp-block-spacer\"><\/div>\n<\/div>\n<\/div><\/div>\n<\/div>\n<\/div><\/section>\n\n\n\n<div style=\"margin-top:0;margin-bottom:0;height:20px\" aria-hidden=\"true\" class=\"wp-block-spacer\"><\/div>\n\n\n\n<section id=\"wp-block-themeisle-blocks-advanced-columns-875ace6e\" class=\"wp-block-themeisle-blocks-advanced-columns has-2-columns has-desktop-equal-layout has-tablet-equal-layout has-mobile-collapsedRows-layout has-vertical-flex-start\"><div class=\"wp-block-themeisle-blocks-advanced-columns-overlay\"><\/div><div class=\"innerblocks-wrap\">\n<div id=\"wp-block-themeisle-blocks-advanced-column-23aa970e\" class=\"wp-block-themeisle-blocks-advanced-column has-light-bg animated zoomIn\">\n<figure class=\"wp-block-image size-full has-custom-border\"><img data-opt-id=819451112  data-opt-src=\"https:\/\/mlfg9oq6dozq.i.optimole.com\/w:auto\/h:auto\/q:mauto\/f:best\/http:\/\/www.vdsfiberoptik.com\/wp-content\/uploads\/2025\/12\/image-600x300-2.png\"  decoding=\"async\" width=\"600\" height=\"300\" src=\"data:image/svg+xml,%3Csvg%20viewBox%3D%220%200%20100%%20100%%22%20width%3D%22100%%22%20height%3D%22100%%22%20xmlns%3D%22http%3A%2F%2Fwww.w3.org%2F2000%2Fsvg%22%3E%3Crect%20width%3D%22100%%22%20height%3D%22100%%22%20fill%3D%22transparent%22%2F%3E%3C%2Fsvg%3E\" alt=\"\" class=\"wp-image-364\" style=\"border-style:none;border-width:0px;border-radius:0px\" old-srcset=\"https:\/\/mlfg9oq6dozq.i.optimole.com\/w:600\/h:300\/q:mauto\/f:best\/https:\/\/www.vdsfiberoptik.com\/wp-content\/uploads\/2025\/12\/image-600x300-2.png 600w, https:\/\/mlfg9oq6dozq.i.optimole.com\/w:300\/h:150\/q:mauto\/f:best\/https:\/\/www.vdsfiberoptik.com\/wp-content\/uploads\/2025\/12\/image-600x300-2.png 300w\" \/><\/figure>\n\n\n\n<div id=\"wp-block-themeisle-blocks-advanced-columns-b6f16303\" class=\"wp-block-themeisle-blocks-advanced-columns has-1-columns has-desktop-equal-layout has-tablet-equal-layout has-mobile-equal-layout has-vertical-unset has-default-gap\"><div class=\"wp-block-themeisle-blocks-advanced-columns-overlay\"><\/div><div class=\"innerblocks-wrap\">\n<div id=\"wp-block-themeisle-blocks-advanced-column-d16cfe5d\" class=\"wp-block-themeisle-blocks-advanced-column\">\n<h4 class=\"wp-block-heading has-text-color has-link-color wp-elements-55fc42af329b235d5d9e33f08347e5a4\" style=\"color:#070731;margin-top:0px\">Yap\u0131sal Kablolama, Data Cat6 Network Sonland\u0131rma Hizmeti<\/h4>\n\n\n\n<p class=\"has-text-color has-link-color wp-elements-0f6fa0806c0bc854015b13acd6bed844\" style=\"color:#070731\">Ofis, bina ve i\u015fletmelerde Cat6 veri kablolama altyap\u0131s\u0131n\u0131 standartlara uygun \u015fekilde kuruyor, t\u00fcm u\u00e7 noktalar\u0131n data sonland\u0131rmalar\u0131n\u0131 ger\u00e7ekle\u015ftiriyoruz. Y\u00fcksek performansl\u0131 ve d\u00fczenli bir a\u011f altyap\u0131s\u0131 sunuyoruz.<\/p>\n\n\n\n<h6 class=\"wp-block-heading has-text-color\" style=\"color:#fdb72b\"><a href=\"https:\/\/demosites.io\/industrial-gb\/service-details\/\"><\/a><a href=\"https:\/\/www.vdsfiberoptik.com\/?page_id=422\">Bilgi Edinin<\/a><\/h6>\n\n\n\n<div style=\"height:20px\" aria-hidden=\"true\" class=\"wp-block-spacer\"><\/div>\n<\/div>\n<\/div><\/div>\n<\/div>\n\n\n\n<div id=\"wp-block-themeisle-blocks-advanced-column-44794dea\" class=\"wp-block-themeisle-blocks-advanced-column has-light-bg animated zoomIn\">\n<figure class=\"wp-block-image size-full is-resized has-custom-border\"><img data-opt-id=817282707  data-opt-src=\"https:\/\/mlfg9oq6dozq.i.optimole.com\/w:auto\/h:auto\/q:mauto\/f:best\/http:\/\/www.vdsfiberoptik.com\/wp-content\/uploads\/2025\/12\/image-600x300-3.png\"  decoding=\"async\" width=\"600\" height=\"300\" src=\"data:image/svg+xml,%3Csvg%20viewBox%3D%220%200%20100%%20100%%22%20width%3D%22100%%22%20height%3D%22100%%22%20xmlns%3D%22http%3A%2F%2Fwww.w3.org%2F2000%2Fsvg%22%3E%3Crect%20width%3D%22100%%22%20height%3D%22100%%22%20fill%3D%22transparent%22%2F%3E%3C%2Fsvg%3E\" alt=\"\" class=\"wp-image-365\" style=\"border-style:none;border-width:0px;border-radius:0px;width:546px;height:auto\" old-srcset=\"https:\/\/mlfg9oq6dozq.i.optimole.com\/w:600\/h:300\/q:mauto\/f:best\/https:\/\/www.vdsfiberoptik.com\/wp-content\/uploads\/2025\/12\/image-600x300-3.png 600w, https:\/\/mlfg9oq6dozq.i.optimole.com\/w:300\/h:150\/q:mauto\/f:best\/https:\/\/www.vdsfiberoptik.com\/wp-content\/uploads\/2025\/12\/image-600x300-3.png 300w\" \/><\/figure>\n\n\n\n<div id=\"wp-block-themeisle-blocks-advanced-columns-116c2739\" class=\"wp-block-themeisle-blocks-advanced-columns has-1-columns has-desktop-equal-layout has-tablet-equal-layout has-mobile-equal-layout has-vertical-unset has-default-gap\"><div class=\"wp-block-themeisle-blocks-advanced-columns-overlay\"><\/div><div class=\"innerblocks-wrap\">\n<div id=\"wp-block-themeisle-blocks-advanced-column-5fdfc19c\" class=\"wp-block-themeisle-blocks-advanced-column\">\n<h4 class=\"wp-block-heading has-text-color has-link-color wp-elements-49fd88334e1bde9eb9969ef5e031ecab\" style=\"color:#070731;margin-top:0px\">Cat6 Cat7 Fluke Raporlama, Test Ve Sertifkasyon Hizmeti<\/h4>\n\n\n\n<p class=\"has-text-color has-link-color wp-elements-717933e488a44728e5c748033073994d\" style=\"color:#070731\">Cat6 ve Cat7 kablolar\u0131n performans\u0131n\u0131 Fluke cihazlar\u0131 ile test ederek uluslararas\u0131 standartlara uygun raporlar haz\u0131rl\u0131yoruz. Altyap\u0131n\u0131z\u0131n kalite ve h\u0131z gereksinimlerini kar\u015f\u0131layan sertifikasyon hizmeti sunuyoruz.<\/p>\n\n\n\n<h6 class=\"wp-block-heading has-text-color\" style=\"color:#fdb72b\">B<a href=\"https:\/\/www.vdsfiberoptik.com\/?page_id=433\" data-type=\"link\" data-id=\"https:\/\/www.vdsfiberoptik.com\/?page_id=433\">ilgi Edinin<\/a><\/h6>\n\n\n\n<div style=\"height:20px\" aria-hidden=\"true\" class=\"wp-block-spacer\"><\/div>\n<\/div>\n<\/div><\/div>\n<\/div>\n<\/div><\/section>\n\n\n\n<div style=\"height:20px\" aria-hidden=\"true\" class=\"wp-block-spacer\"><\/div>\n\n\n\n<section id=\"wp-block-themeisle-blocks-advanced-columns-c568fbc0\" class=\"wp-block-themeisle-blocks-advanced-columns has-2-columns has-desktop-equal-layout has-tablet-equal-layout has-mobile-collapsedRows-layout has-vertical-flex-start\"><div class=\"wp-block-themeisle-blocks-advanced-columns-overlay\"><\/div><div class=\"innerblocks-wrap\">\n<div id=\"wp-block-themeisle-blocks-advanced-column-a0efaca1\" class=\"wp-block-themeisle-blocks-advanced-column has-light-bg animated zoomIn\">\n<figure class=\"wp-block-image size-full has-custom-border\"><img data-opt-id=496761231  data-opt-src=\"https:\/\/mlfg9oq6dozq.i.optimole.com\/w:auto\/h:auto\/q:mauto\/f:best\/http:\/\/www.vdsfiberoptik.com\/wp-content\/uploads\/2025\/12\/image-600x300-4.png\"  decoding=\"async\" width=\"600\" height=\"300\" src=\"data:image/svg+xml,%3Csvg%20viewBox%3D%220%200%20100%%20100%%22%20width%3D%22100%%22%20height%3D%22100%%22%20xmlns%3D%22http%3A%2F%2Fwww.w3.org%2F2000%2Fsvg%22%3E%3Crect%20width%3D%22100%%22%20height%3D%22100%%22%20fill%3D%22transparent%22%2F%3E%3C%2Fsvg%3E\" alt=\"\" class=\"wp-image-366\" style=\"border-style:none;border-width:0px;border-radius:0px\" old-srcset=\"https:\/\/mlfg9oq6dozq.i.optimole.com\/w:600\/h:300\/q:mauto\/f:best\/https:\/\/www.vdsfiberoptik.com\/wp-content\/uploads\/2025\/12\/image-600x300-4.png 600w, https:\/\/mlfg9oq6dozq.i.optimole.com\/w:300\/h:150\/q:mauto\/f:best\/https:\/\/www.vdsfiberoptik.com\/wp-content\/uploads\/2025\/12\/image-600x300-4.png 300w\" \/><\/figure>\n\n\n\n<div id=\"wp-block-themeisle-blocks-advanced-columns-9ba29e73\" class=\"wp-block-themeisle-blocks-advanced-columns has-1-columns has-desktop-equal-layout has-tablet-equal-layout has-mobile-equal-layout has-vertical-unset has-default-gap\"><div class=\"wp-block-themeisle-blocks-advanced-columns-overlay\"><\/div><div class=\"innerblocks-wrap\">\n<div id=\"wp-block-themeisle-blocks-advanced-column-ff89ae48\" class=\"wp-block-themeisle-blocks-advanced-column\">\n<h4 class=\"wp-block-heading has-text-color has-link-color wp-elements-af3ba28b00716b1b1442c4dfc67f5d36\" style=\"color:#070731;margin-top:0px\"><a href=\"https:\/\/www.teknikfiberoptik.com\/Teknik-Fiber-Optik\/Cozumlerimiz\/Fiberoptik-Sonlandirma-Fiber-Fuzyon-ve-Fiber-Servis-Hizmeti\"><\/a>Sistem Odas\u0131 Kurulum, Sistem Odas\u0131 Revizyon Ve D\u00fczenleme Hizmeti<\/h4>\n\n\n\n<p class=\"has-text-color has-link-color wp-elements-a1aac6615c756b5af9ed9214d0ffea87\" style=\"color:#070731\">Yeni sistem odas\u0131 kurulumu, mevcut altyap\u0131 d\u00fczenlemesi, kablo y\u00f6netimi ve ekipman yerle\u015fimi gibi t\u00fcm s\u00fcre\u00e7leri profesyonel \u015fekilde y\u00fcr\u00fct\u00fcyoruz. G\u00fcvenli, d\u00fczenli ve optimize bir sistem odas\u0131 olu\u015fturuyoruz.<\/p>\n\n\n\n<h6 class=\"wp-block-heading has-text-color\" style=\"color:#fdb72b\"><a href=\"https:\/\/www.vdsfiberoptik.com\/?page_id=435\">Bilgi Edinin<\/a><\/h6>\n\n\n\n<div style=\"height:20px\" aria-hidden=\"true\" class=\"wp-block-spacer\"><\/div>\n<\/div>\n<\/div><\/div>\n<\/div>\n\n\n\n<div id=\"wp-block-themeisle-blocks-advanced-column-40db6121\" class=\"wp-block-themeisle-blocks-advanced-column has-light-bg animated zoomIn\">\n<figure class=\"wp-block-image size-full has-custom-border\"><img data-opt-id=89232209  data-opt-src=\"https:\/\/mlfg9oq6dozq.i.optimole.com\/w:auto\/h:auto\/q:mauto\/f:best\/http:\/\/www.vdsfiberoptik.com\/wp-content\/uploads\/2025\/12\/image-600x300-5.png\"  decoding=\"async\" width=\"600\" height=\"300\" src=\"data:image/svg+xml,%3Csvg%20viewBox%3D%220%200%20100%%20100%%22%20width%3D%22100%%22%20height%3D%22100%%22%20xmlns%3D%22http%3A%2F%2Fwww.w3.org%2F2000%2Fsvg%22%3E%3Crect%20width%3D%22100%%22%20height%3D%22100%%22%20fill%3D%22transparent%22%2F%3E%3C%2Fsvg%3E\" alt=\"\" class=\"wp-image-367\" style=\"border-style:none;border-width:0px;border-radius:0px\" old-srcset=\"https:\/\/mlfg9oq6dozq.i.optimole.com\/w:600\/h:300\/q:mauto\/f:best\/https:\/\/www.vdsfiberoptik.com\/wp-content\/uploads\/2025\/12\/image-600x300-5.png 600w, https:\/\/mlfg9oq6dozq.i.optimole.com\/w:300\/h:150\/q:mauto\/f:best\/https:\/\/www.vdsfiberoptik.com\/wp-content\/uploads\/2025\/12\/image-600x300-5.png 300w\" \/><\/figure>\n\n\n\n<div id=\"wp-block-themeisle-blocks-advanced-columns-23f47e1b\" class=\"wp-block-themeisle-blocks-advanced-columns has-1-columns has-desktop-equal-layout has-tablet-equal-layout has-mobile-equal-layout has-vertical-unset has-default-gap\"><div class=\"wp-block-themeisle-blocks-advanced-columns-overlay\"><\/div><div class=\"innerblocks-wrap\">\n<div id=\"wp-block-themeisle-blocks-advanced-column-c84a296a\" class=\"wp-block-themeisle-blocks-advanced-column\">\n<h4 class=\"wp-block-heading has-text-color has-link-color wp-elements-04fc6ad1212b5493b22ba8b68637c2d6\" style=\"color:#070731;margin-top:0px\"><a href=\"https:\/\/www.teknikfiberoptik.com\/Teknik-Fiber-Optik\/Cozumlerimiz\/Fiberoptik-Otdr-Test-Raporlama-ve-Sertifikasyon-Hizmeti\"><\/a>Rack Kabin D\u00fczenleme, Rack Kabin Ta\u015f\u0131ma Ve Rack Kabin Kurulum Hizmeti<\/h4>\n\n\n\n<p class=\"has-text-color has-link-color wp-elements-b9a07629f04f45711a3d05bf7490eee2\" style=\"color:#070731\">Rack kabin i\u00e7i kablo d\u00fczenleme, patch panel yerle\u015fimi, cihaz montaj\u0131, kabin ta\u015f\u0131ma ve yeniden kurulum hizmetlerini standartlara uygun \u015fekilde ger\u00e7ekle\u015ftiriyoruz. Estetik ve fonksiyonel bir kabin d\u00fczeni sa\u011fl\u0131yoruz.<\/p>\n\n\n\n<h6 class=\"wp-block-heading has-text-color\" style=\"color:#fdb72b\"><a href=\"https:\/\/www.vdsfiberoptik.com\/?page_id=445\">Bilgi Edinin<\/a><\/h6>\n\n\n\n<div style=\"height:20px\" aria-hidden=\"true\" class=\"wp-block-spacer\"><\/div>\n<\/div>\n<\/div><\/div>\n<\/div>\n<\/div><\/section>\n\n\n\n<div style=\"height:20px\" aria-hidden=\"true\" class=\"wp-block-spacer\"><\/div>\n\n\n\n<section id=\"wp-block-themeisle-blocks-advanced-columns-6dd0d266\" class=\"wp-block-themeisle-blocks-advanced-columns has-2-columns has-desktop-equal-layout has-tablet-equal-layout has-mobile-collapsedRows-layout has-vertical-flex-start\"><div class=\"wp-block-themeisle-blocks-advanced-columns-overlay\"><\/div><div class=\"innerblocks-wrap\">\n<div id=\"wp-block-themeisle-blocks-advanced-column-5d2e9833\" class=\"wp-block-themeisle-blocks-advanced-column has-light-bg animated zoomIn\">\n<figure class=\"wp-block-image size-full has-custom-border\"><img data-opt-id=564844642  data-opt-src=\"https:\/\/mlfg9oq6dozq.i.optimole.com\/w:auto\/h:auto\/q:mauto\/f:best\/http:\/\/www.vdsfiberoptik.com\/wp-content\/uploads\/2025\/12\/image-600x300-7.png\"  decoding=\"async\" width=\"600\" height=\"300\" src=\"data:image/svg+xml,%3Csvg%20viewBox%3D%220%200%20100%%20100%%22%20width%3D%22100%%22%20height%3D%22100%%22%20xmlns%3D%22http%3A%2F%2Fwww.w3.org%2F2000%2Fsvg%22%3E%3Crect%20width%3D%22100%%22%20height%3D%22100%%22%20fill%3D%22transparent%22%2F%3E%3C%2Fsvg%3E\" alt=\"\" class=\"wp-image-368\" style=\"border-style:none;border-width:0px;border-radius:0px\" old-srcset=\"https:\/\/mlfg9oq6dozq.i.optimole.com\/w:600\/h:300\/q:mauto\/f:best\/https:\/\/www.vdsfiberoptik.com\/wp-content\/uploads\/2025\/12\/image-600x300-7.png 600w, https:\/\/mlfg9oq6dozq.i.optimole.com\/w:300\/h:150\/q:mauto\/f:best\/https:\/\/www.vdsfiberoptik.com\/wp-content\/uploads\/2025\/12\/image-600x300-7.png 300w\" \/><\/figure>\n\n\n\n<div id=\"wp-block-themeisle-blocks-advanced-columns-97bfa8de\" class=\"wp-block-themeisle-blocks-advanced-columns has-1-columns has-desktop-equal-layout has-tablet-equal-layout has-mobile-equal-layout has-vertical-unset has-default-gap\"><div class=\"wp-block-themeisle-blocks-advanced-columns-overlay\"><\/div><div class=\"innerblocks-wrap\">\n<div id=\"wp-block-themeisle-blocks-advanced-column-f82911f7\" class=\"wp-block-themeisle-blocks-advanced-column\">\n<h4 class=\"wp-block-heading has-text-color has-link-color wp-elements-54029987f61a615a46b9f693d40a46be\" style=\"color:#070731;margin-top:0px\"><a href=\"https:\/\/www.teknikfiberoptik.com\/Teknik-Fiber-Optik\/Cozumlerimiz\/Fiberoptik-Sonlandirma-Fiber-Fuzyon-ve-Fiber-Servis-Hizmeti\"><\/a><a href=\"https:\/\/www.teknikfiberoptik.com\/Teknik-Fiber-Optik\/Cozumlerimiz\/Sistem-Odasi-Kurulum-Sistem-Odasi-Revizyon-Ve-Duzenleme-Hizmeti\"><\/a>Fiberoptik Sonland\u0131rma Ve Data Sonland\u0131rma Fiyatlar<\/h4>\n\n\n\n<p class=\"has-text-color has-link-color wp-elements-92fb47a71a0e184be6658503b24b7df2\" style=\"color:#070731\">Fiber ve data sonland\u0131rma i\u015flemlerinde fiyatland\u0131rma; kablo tipi, mesafe, ba\u011flant\u0131 say\u0131s\u0131 ve proje kapsam\u0131na g\u00f6re de\u011fi\u015fmektedir. Uygun maliyetli, profesyonel ve kaliteli \u00e7\u00f6z\u00fcmler sunmaktay\u0131z.<\/p>\n\n\n\n<h6 class=\"wp-block-heading has-text-color\" style=\"color:#fdb72b\"><a href=\"https:\/\/www.vdsfiberoptik.com\/?page_id=449\">Bilgi Edinin<\/a><\/h6>\n\n\n\n<div style=\"height:20px\" aria-hidden=\"true\" class=\"wp-block-spacer\"><\/div>\n<\/div>\n<\/div><\/div>\n<\/div>\n\n\n\n<div id=\"wp-block-themeisle-blocks-advanced-column-9b16a1ba\" class=\"wp-block-themeisle-blocks-advanced-column has-light-bg animated zoomIn\">\n<figure class=\"wp-block-image size-full has-custom-border\"><img data-opt-id=1915373538  data-opt-src=\"https:\/\/mlfg9oq6dozq.i.optimole.com\/w:auto\/h:auto\/q:mauto\/f:best\/http:\/\/www.vdsfiberoptik.com\/wp-content\/uploads\/2025\/12\/image-600x300-8.png\"  decoding=\"async\" width=\"600\" height=\"300\" src=\"data:image/svg+xml,%3Csvg%20viewBox%3D%220%200%20100%%20100%%22%20width%3D%22100%%22%20height%3D%22100%%22%20xmlns%3D%22http%3A%2F%2Fwww.w3.org%2F2000%2Fsvg%22%3E%3Crect%20width%3D%22100%%22%20height%3D%22100%%22%20fill%3D%22transparent%22%2F%3E%3C%2Fsvg%3E\" alt=\"\" class=\"wp-image-369\" style=\"border-style:none;border-width:0px;border-radius:0px\" old-srcset=\"https:\/\/mlfg9oq6dozq.i.optimole.com\/w:600\/h:300\/q:mauto\/f:best\/https:\/\/www.vdsfiberoptik.com\/wp-content\/uploads\/2025\/12\/image-600x300-8.png 600w, https:\/\/mlfg9oq6dozq.i.optimole.com\/w:300\/h:150\/q:mauto\/f:best\/https:\/\/www.vdsfiberoptik.com\/wp-content\/uploads\/2025\/12\/image-600x300-8.png 300w\" \/><\/figure>\n\n\n\n<div id=\"wp-block-themeisle-blocks-advanced-columns-f99b1321\" class=\"wp-block-themeisle-blocks-advanced-columns has-1-columns has-desktop-equal-layout has-tablet-equal-layout has-mobile-equal-layout has-vertical-unset has-default-gap\"><div class=\"wp-block-themeisle-blocks-advanced-columns-overlay\"><\/div><div class=\"innerblocks-wrap\">\n<div id=\"wp-block-themeisle-blocks-advanced-column-818de0ff\" class=\"wp-block-themeisle-blocks-advanced-column\">\n<h4 class=\"wp-block-heading has-text-color has-link-color wp-elements-f185b03f78c5f6ece799f5f8906980e4\" style=\"color:#070731;margin-top:0px\"><a href=\"https:\/\/www.teknikfiberoptik.com\/Teknik-Fiber-Optik\/Cozumlerimiz\/Fiberoptik-Otdr-Test-Raporlama-ve-Sertifikasyon-Hizmeti\"><\/a><a href=\"https:\/\/www.teknikfiberoptik.com\/Teknik-Fiber-Optik\/Cozumlerimiz\/Rack-Kabin-Duzenleme-Rack-Kabin-Tasima-ve-Rack-Kabin-Kurulum-Hizmeti\"><\/a>Fiber Kanalet Sistemleri<\/h4>\n\n\n\n<p class=\"has-text-color has-link-color wp-elements-667f2d06bb2eae842e3761fdbecc64fb\" style=\"color:#070731\">Fiber kablolar\u0131n g\u00fcvenli \u015fekilde ta\u015f\u0131nmas\u0131 i\u00e7in kanal, boru ve tavalar\u0131n kurulumunu yap\u0131yoruz. Altyap\u0131n\u0131z\u0131 koruyan d\u00fczenli ve uzun \u00f6m\u00fcrl\u00fc fiber kanalet sistemleri kuruyoruz.<\/p>\n\n\n\n<h6 class=\"wp-block-heading has-text-color\" style=\"color:#fdb72b\"><a href=\"https:\/\/www.vdsfiberoptik.com\/?page_id=565\">Bilgi Edinin<\/a><\/h6>\n\n\n\n<div style=\"height:20px\" aria-hidden=\"true\" class=\"wp-block-spacer\"><\/div>\n<\/div>\n<\/div><\/div>\n<\/div>\n<\/div><\/section>\n<\/div>\n<\/div><\/section>\n\n\n\n<div id=\"wp-block-themeisle-blocks-advanced-columns-05cb15e9\" class=\"wp-block-themeisle-blocks-advanced-columns alignwide has-1-columns has-desktop-equal-layout has-tablet-equal-layout has-mobile-equal-layout has-vertical-unset\"><div class=\"wp-block-themeisle-blocks-advanced-columns-overlay\"><\/div><div class=\"innerblocks-wrap\">\n<div id=\"wp-block-themeisle-blocks-advanced-column-2fcfe47c\" class=\"wp-block-themeisle-blocks-advanced-column\">\n<div style=\"height:20px\" aria-hidden=\"true\" class=\"wp-block-spacer\"><\/div>\n\n\n\n<h2 class=\"wp-block-heading has-text-align-center has-black-color has-text-color has-link-color wp-elements-025409a0ca237c45769d343f4f07fbbc\" style=\"margin-top:0px;font-size:50px\"><strong>Mutlu Referanslar\u0131m\u0131z<\/strong><\/h2>\n<\/div>\n<\/div><\/div>\n","protected":false},"excerpt":{"rendered":"","protected":false},"author":1,"featured_media":0,"parent":0,"menu_order":0,"comment_status":"closed","ping_status":"closed","template":"","meta":{"_themeisle_gutenberg_block_has_review":false,"footnotes":""},"class_list":["post-20","page","type-page","status-publish","hentry"],"_links":{"self":[{"href":"https:\/\/www.vdsfiberoptik.com\/index.php?rest_route=\/wp\/v2\/pages\/20","targetHints":{"allow":["GET"]}}],"collection":[{"href":"https:\/\/www.vdsfiberoptik.com\/index.php?rest_route=\/wp\/v2\/pages"}],"about":[{"href":"https:\/\/www.vdsfiberoptik.com\/index.php?rest_route=\/wp\/v2\/types\/page"}],"author":[{"embeddable":true,"href":"https:\/\/www.vdsfiberoptik.com\/index.php?rest_route=\/wp\/v2\/users\/1"}],"replies":[{"embeddable":true,"href":"https:\/\/www.vdsfiberoptik.com\/index.php?rest_route=%2Fwp%2Fv2%2Fcomments&post=20"}],"version-history":[{"count":47,"href":"https:\/\/www.vdsfiberoptik.com\/index.php?rest_route=\/wp\/v2\/pages\/20\/revisions"}],"predecessor-version":[{"id":698,"href":"https:\/\/www.vdsfiberoptik.com\/index.php?rest_route=\/wp\/v2\/pages\/20\/revisions\/698"}],"wp:attachment":[{"href":"https:\/\/www.vdsfiberoptik.com\/index.php?rest_route=%2Fwp%2Fv2%2Fmedia&parent=20"}],"curies":[{"name":"wp","href":"https:\/\/api.w.org\/{rel}","templated":true}]}}