{"id":2,"date":"2025-12-05T01:31:20","date_gmt":"2025-12-04T22:31:20","guid":{"rendered":"http:\/\/www.vdsfiberoptik.com\/?page_id=2"},"modified":"2025-12-11T20:56:43","modified_gmt":"2025-12-11T17:56:43","slug":"ornek-sayfa","status":"publish","type":"page","link":"https:\/\/www.vdsfiberoptik.com\/?page_id=2","title":{"rendered":"Fiberoptik Otdr Test, Raporlama Ve Sertfikasyon Hizmeti"},"content":{"rendered":"\n<div id=\"wp-block-themeisle-blocks-advanced-columns-8fbb683b\" class=\"wp-block-themeisle-blocks-advanced-columns alignfull has-2-columns has-desktop-equal-layout has-tablet-equal-layout has-mobile-collapsedRows-layout has-vertical-unset\"><div class=\"wp-block-themeisle-blocks-advanced-columns-overlay\"><\/div><div class=\"innerblocks-wrap\">\n<div id=\"wp-block-themeisle-blocks-advanced-column-620e3016\" class=\"wp-block-themeisle-blocks-advanced-column\">\n<h2 class=\"wp-block-heading has-white-color has-text-color has-link-color wp-elements-0575e4afac04f8a5442c9ae55aea1352\" style=\"font-size:50px\"><strong>Fiberoptik Otdr Test, Raporlama Ve Sertfikasyon Hizmeti<\/strong><\/h2>\n\n\n\n<p class=\"has-white-color has-text-color has-link-color wp-elements-353ca342fa6829a1492ca7922f91129f\"><strong><br>Fiber kablolama sistemleri kablo \u00e7ekimleri, sonland\u0131rmalar\u0131 yap\u0131ld\u0131ktan sonra her i\u015fte oldu\u011fu gibi fiberde de test edilmesi elzemdir. Bu y\u00fczden fiber altyap\u0131lar\u0131n\u0131z kurulduktan sistemlerinizin verimlili\u011fini test ediyor, raporluyoruz. Kurulan fiberoptik altyap\u0131s\u0131n\u0131n amac\u0131n\u0131 ne kadar yans\u0131tt\u0131\u011f\u0131n\u0131 ve verimlili\u011fini g\u00f6rebileceksiniz. Fiberoptik kablolara genellikle \u0131\u015f\u0131k testi ile test edilmektedir. Fiber \u0131\u015f\u0131k testi i\u00e7in ilkel y\u00f6ntemlerle de\u011fil uygun ekipmanlar ile testlerinizi yap\u0131yor, Fiber OTDR test cihaz\u0131 ile sonland\u0131rma ve fiberoptik kablo verimlili\u011fini \u00f6l\u00e7\u00fcyor ve raporluyoruz. personelimiz ile yap\u0131lmaktad\u0131r. Fiberoptik sonland\u0131rma f\u00fczyon test etiketleme sertifikasyon teknik servis hizmetleriniz i\u00e7in bizimle irtibata ge\u00e7iniz.\u00a0<\/strong><\/p>\n<\/div>\n\n\n\n<div id=\"wp-block-themeisle-blocks-advanced-column-df784873\" class=\"wp-block-themeisle-blocks-advanced-column\">\n<figure class=\"wp-block-image size-full has-custom-border\" style=\"margin-right:var(--wp--preset--spacing--20);margin-left:var(--wp--preset--spacing--20)\"><img data-opt-id=482730540  fetchpriority=\"high\" decoding=\"async\" width=\"600\" height=\"450\" src=\"https:\/\/mlfg9oq6dozq.i.optimole.com\/w:auto\/h:auto\/q:mauto\/f:best\/https:\/\/www.vdsfiberoptik.com\/wp-content\/uploads\/2025\/12\/fiberoptik-otdr-cihaz-raporlama.jpg\" alt=\"\" class=\"wp-image-632\" style=\"border-style:none;border-width:0px;border-radius:0px;aspect-ratio:1;object-fit:cover\" srcset=\"https:\/\/mlfg9oq6dozq.i.optimole.com\/w:600\/h:450\/q:mauto\/f:best\/https:\/\/www.vdsfiberoptik.com\/wp-content\/uploads\/2025\/12\/fiberoptik-otdr-cihaz-raporlama.jpg 600w, https:\/\/mlfg9oq6dozq.i.optimole.com\/w:300\/h:225\/q:mauto\/f:best\/https:\/\/www.vdsfiberoptik.com\/wp-content\/uploads\/2025\/12\/fiberoptik-otdr-cihaz-raporlama.jpg 300w\" sizes=\"(max-width: 600px) 100vw, 600px\" \/><\/figure>\n<\/div>\n<\/div><\/div>\n","protected":false},"excerpt":{"rendered":"","protected":false},"author":1,"featured_media":0,"parent":0,"menu_order":0,"comment_status":"closed","ping_status":"open","template":"","meta":{"_themeisle_gutenberg_block_has_review":false,"footnotes":""},"class_list":["post-2","page","type-page","status-publish","hentry"],"_links":{"self":[{"href":"https:\/\/www.vdsfiberoptik.com\/index.php?rest_route=\/wp\/v2\/pages\/2","targetHints":{"allow":["GET"]}}],"collection":[{"href":"https:\/\/www.vdsfiberoptik.com\/index.php?rest_route=\/wp\/v2\/pages"}],"about":[{"href":"https:\/\/www.vdsfiberoptik.com\/index.php?rest_route=\/wp\/v2\/types\/page"}],"author":[{"embeddable":true,"href":"https:\/\/www.vdsfiberoptik.com\/index.php?rest_route=\/wp\/v2\/users\/1"}],"replies":[{"embeddable":true,"href":"https:\/\/www.vdsfiberoptik.com\/index.php?rest_route=%2Fwp%2Fv2%2Fcomments&post=2"}],"version-history":[{"count":6,"href":"https:\/\/www.vdsfiberoptik.com\/index.php?rest_route=\/wp\/v2\/pages\/2\/revisions"}],"predecessor-version":[{"id":751,"href":"https:\/\/www.vdsfiberoptik.com\/index.php?rest_route=\/wp\/v2\/pages\/2\/revisions\/751"}],"wp:attachment":[{"href":"https:\/\/www.vdsfiberoptik.com\/index.php?rest_route=%2Fwp%2Fv2%2Fmedia&parent=2"}],"curies":[{"name":"wp","href":"https:\/\/api.w.org\/{rel}","templated":true}]}}