{"id":435,"date":"2025-12-06T15:10:12","date_gmt":"2025-12-06T12:10:12","guid":{"rendered":"http:\/\/www.vdsfiberoptik.com\/?page_id=435"},"modified":"2025-12-10T21:55:06","modified_gmt":"2025-12-10T18:55:06","slug":"435-2","status":"publish","type":"page","link":"http:\/\/www.vdsfiberoptik.com\/?page_id=435","title":{"rendered":"Sistem Odas\u0131 Kurulum, Revizyon ve D\u00fczenleme Hizmeti"},"content":{"rendered":"\n<div id=\"wp-block-themeisle-blocks-advanced-columns-8fbb683b\" class=\"wp-block-themeisle-blocks-advanced-columns alignfull has-2-columns has-desktop-equal-layout has-tablet-equal-layout has-mobile-collapsedRows-layout has-vertical-center\"><div class=\"wp-block-themeisle-blocks-advanced-columns-overlay\"><\/div><div class=\"innerblocks-wrap\">\n<div id=\"wp-block-themeisle-blocks-advanced-column-620e3016\" class=\"wp-block-themeisle-blocks-advanced-column\">\n<h4 class=\"wp-block-heading has-white-color has-text-color has-link-color wp-elements-4d4d36a7d8bf6c4f16ac49fbe92add56\" style=\"font-size:50px\"><strong><strong>Sistem Odas\u0131 Kurulum, Revizyon ve D\u00fczenleme Hizmeti<\/strong><\/strong><\/h4>\n\n\n\n<p class=\"has-white-color has-text-color has-link-color wp-elements-0e50a0377e8555d88beb93e28b2cf732\"><strong>Kar\u0131\u015f\u0131k, d\u00fczensiz veya verimsiz \u00e7al\u0131\u015fan sistem odalar\u0131n\u0131 yeniden d\u00fczenliyor, kablo y\u00f6netimini profesyonel \u015fekilde yap\u0131yor ve cihazlar\u0131n yerle\u015fimini optimize ediyoruz. Yeni sistem odas\u0131 kurulumlar\u0131nda ise proje olu\u015fturma, kablolama, enerji altyap\u0131s\u0131 ve rack d\u00fczenine kadar t\u00fcm s\u00fcreci eksiksiz \u015fekilde y\u00f6netiyoruz. Daha g\u00fcvenli, d\u00fczenli ve uzun \u00f6m\u00fcrl\u00fc bir sistem odas\u0131 ortaya \u00e7\u0131kart\u0131yoruz.<\/strong><\/p>\n<\/div>\n\n\n\n<div id=\"wp-block-themeisle-blocks-advanced-column-df784873\" class=\"wp-block-themeisle-blocks-advanced-column\">\n<figure class=\"wp-block-image size-full has-custom-border\"><img data-opt-id=496761231  fetchpriority=\"high\" decoding=\"async\" width=\"600\" height=\"300\" src=\"https:\/\/mlfg9oq6dozq.i.optimole.com\/w:auto\/h:auto\/q:mauto\/f:best\/http:\/\/www.vdsfiberoptik.com\/wp-content\/uploads\/2025\/12\/image-600x300-4.png\" alt=\"\" class=\"wp-image-366\" style=\"border-style:none;border-width:0px;border-radius:0px;aspect-ratio:4\/3;object-fit:cover\" srcset=\"https:\/\/mlfg9oq6dozq.i.optimole.com\/w:600\/h:300\/q:mauto\/f:best\/http:\/\/www.vdsfiberoptik.com\/wp-content\/uploads\/2025\/12\/image-600x300-4.png 600w, https:\/\/mlfg9oq6dozq.i.optimole.com\/w:300\/h:150\/q:mauto\/f:best\/http:\/\/www.vdsfiberoptik.com\/wp-content\/uploads\/2025\/12\/image-600x300-4.png 300w\" sizes=\"(max-width: 600px) 100vw, 600px\" \/><\/figure>\n<\/div>\n<\/div><\/div>\n","protected":false},"excerpt":{"rendered":"","protected":false},"author":1,"featured_media":0,"parent":0,"menu_order":0,"comment_status":"closed","ping_status":"closed","template":"","meta":{"_themeisle_gutenberg_block_has_review":false,"footnotes":""},"class_list":["post-435","page","type-page","status-publish","hentry"],"_links":{"self":[{"href":"http:\/\/www.vdsfiberoptik.com\/index.php?rest_route=\/wp\/v2\/pages\/435","targetHints":{"allow":["GET"]}}],"collection":[{"href":"http:\/\/www.vdsfiberoptik.com\/index.php?rest_route=\/wp\/v2\/pages"}],"about":[{"href":"http:\/\/www.vdsfiberoptik.com\/index.php?rest_route=\/wp\/v2\/types\/page"}],"author":[{"embeddable":true,"href":"http:\/\/www.vdsfiberoptik.com\/index.php?rest_route=\/wp\/v2\/users\/1"}],"replies":[{"embeddable":true,"href":"http:\/\/www.vdsfiberoptik.com\/index.php?rest_route=%2Fwp%2Fv2%2Fcomments&post=435"}],"version-history":[{"count":4,"href":"http:\/\/www.vdsfiberoptik.com\/index.php?rest_route=\/wp\/v2\/pages\/435\/revisions"}],"predecessor-version":[{"id":545,"href":"http:\/\/www.vdsfiberoptik.com\/index.php?rest_route=\/wp\/v2\/pages\/435\/revisions\/545"}],"wp:attachment":[{"href":"http:\/\/www.vdsfiberoptik.com\/index.php?rest_route=%2Fwp%2Fv2%2Fmedia&parent=435"}],"curies":[{"name":"wp","href":"https:\/\/api.w.org\/{rel}","templated":true}]}}