{"id":433,"date":"2025-12-06T15:11:04","date_gmt":"2025-12-06T12:11:04","guid":{"rendered":"https:\/\/www.vdsfiberoptik.com\/?page_id=433"},"modified":"2025-12-11T00:38:13","modified_gmt":"2025-12-10T21:38:13","slug":"433-2","status":"publish","type":"page","link":"http:\/\/www.vdsfiberoptik.com\/?page_id=433","title":{"rendered":"Cat6 \u2013 Cat7 Fluke Test,Raporlama ve Sertifikasyon Hizmeti"},"content":{"rendered":"\n<div id=\"wp-block-themeisle-blocks-advanced-columns-8fbb683b\" class=\"wp-block-themeisle-blocks-advanced-columns alignfull has-2-columns has-desktop-equal-layout has-tablet-equal-layout has-mobile-collapsedRows-layout has-vertical-center\"><div class=\"wp-block-themeisle-blocks-advanced-columns-overlay\"><\/div><div class=\"innerblocks-wrap\">\n<div id=\"wp-block-themeisle-blocks-advanced-column-620e3016\" class=\"wp-block-themeisle-blocks-advanced-column\">\n<h2 class=\"wp-block-heading has-text-align-left has-white-color has-text-color has-link-color wp-elements-3bcb1fe02b0fe7517b34e1a2f0e703e3\" style=\"font-size:50px\"><strong>Cat6 \u2013 Cat7 Fluke Test,Raporlama ve Sertifikasyon Hizmeti<\/strong><\/h2>\n\n\n\n<p class=\"has-white-color has-text-color has-link-color wp-elements-b306fc3757ffb24c8dfa40652d90dfb8\"><strong>Cat6 ve Cat7 kablolar\u0131n veri aktar\u0131m performans\u0131n\u0131 anlaman\u0131n en do\u011fru yolu Fluke test cihaz\u0131yla yap\u0131lan \u00f6l\u00e7\u00fcmlerdir. Kablolar\u0131n standartlara uygunlu\u011fu, h\u0131z de\u011ferleri ve kay\u0131plar\u0131 Fluke test raporuyla net olarak ortaya konur. T\u00fcm kablo u\u00e7lar\u0131n\u0131 tek tek test edip raporluyor, altyap\u0131n\u0131z\u0131n sertifikasyon s\u00fcrecini eksiksiz \u015fekilde tamaml\u0131yoruz.<\/strong><\/p>\n<\/div>\n\n\n\n<div id=\"wp-block-themeisle-blocks-advanced-column-df784873\" class=\"wp-block-themeisle-blocks-advanced-column\">\n<figure class=\"wp-block-image size-medium has-custom-border is-style-default\" style=\"margin-right:var(--wp--preset--spacing--50);margin-left:var(--wp--preset--spacing--50)\"><img data-opt-id=2062488558  fetchpriority=\"high\" decoding=\"async\" width=\"300\" height=\"150\" src=\"https:\/\/mlfg9oq6dozq.i.optimole.com\/w:300\/h:150\/q:mauto\/f:best\/https:\/\/www.vdsfiberoptik.com\/wp-content\/uploads\/2025\/12\/image-600x300-3.png\" alt=\"\" class=\"wp-image-365\" style=\"border-style:none;border-width:0px;border-radius:0px;aspect-ratio:1;object-fit:cover\" srcset=\"https:\/\/mlfg9oq6dozq.i.optimole.com\/w:300\/h:150\/q:mauto\/f:best\/http:\/\/www.vdsfiberoptik.com\/wp-content\/uploads\/2025\/12\/image-600x300-3.png 300w, https:\/\/mlfg9oq6dozq.i.optimole.com\/w:600\/h:300\/q:mauto\/f:best\/http:\/\/www.vdsfiberoptik.com\/wp-content\/uploads\/2025\/12\/image-600x300-3.png 600w\" sizes=\"(max-width: 300px) 100vw, 300px\" \/><\/figure>\n<\/div>\n<\/div><\/div>\n","protected":false},"excerpt":{"rendered":"","protected":false},"author":2,"featured_media":0,"parent":0,"menu_order":0,"comment_status":"closed","ping_status":"closed","template":"","meta":{"_themeisle_gutenberg_block_has_review":false,"footnotes":""},"class_list":["post-433","page","type-page","status-publish","hentry"],"_links":{"self":[{"href":"http:\/\/www.vdsfiberoptik.com\/index.php?rest_route=\/wp\/v2\/pages\/433","targetHints":{"allow":["GET"]}}],"collection":[{"href":"http:\/\/www.vdsfiberoptik.com\/index.php?rest_route=\/wp\/v2\/pages"}],"about":[{"href":"http:\/\/www.vdsfiberoptik.com\/index.php?rest_route=\/wp\/v2\/types\/page"}],"author":[{"embeddable":true,"href":"http:\/\/www.vdsfiberoptik.com\/index.php?rest_route=\/wp\/v2\/users\/2"}],"replies":[{"embeddable":true,"href":"http:\/\/www.vdsfiberoptik.com\/index.php?rest_route=%2Fwp%2Fv2%2Fcomments&post=433"}],"version-history":[{"count":9,"href":"http:\/\/www.vdsfiberoptik.com\/index.php?rest_route=\/wp\/v2\/pages\/433\/revisions"}],"predecessor-version":[{"id":736,"href":"http:\/\/www.vdsfiberoptik.com\/index.php?rest_route=\/wp\/v2\/pages\/433\/revisions\/736"}],"wp:attachment":[{"href":"http:\/\/www.vdsfiberoptik.com\/index.php?rest_route=%2Fwp%2Fv2%2Fmedia&parent=433"}],"curies":[{"name":"wp","href":"https:\/\/api.w.org\/{rel}","templated":true}]}}