{"id":394,"date":"2025-12-06T12:06:16","date_gmt":"2025-12-06T09:06:16","guid":{"rendered":"http:\/\/www.vdsfiberoptik.com\/?page_id=394"},"modified":"2025-12-09T18:48:54","modified_gmt":"2025-12-09T15:48:54","slug":"fiber-optik-sonlandirma","status":"publish","type":"page","link":"http:\/\/www.vdsfiberoptik.com\/?page_id=394","title":{"rendered":"Fiber Optik Sonland\u0131rma"},"content":{"rendered":"\n<section id=\"wp-block-themeisle-blocks-advanced-columns-6e7afea9\" class=\"wp-block-themeisle-blocks-advanced-columns alignfull has-1-columns has-desktop-equal-layout has-tablet-equal-layout has-mobile-equal-layout has-vertical-flex-start animated fadeIn\"><div class=\"wp-block-themeisle-blocks-advanced-columns-overlay\"><\/div><div class=\"innerblocks-wrap\">\n<div id=\"wp-block-themeisle-blocks-advanced-column-c4b71378\" class=\"wp-block-themeisle-blocks-advanced-column\">\n<section id=\"wp-block-themeisle-blocks-advanced-columns-c9de47f3\" class=\"wp-block-themeisle-blocks-advanced-columns has-2-columns has-desktop-equal-layout has-tablet-equal-layout has-mobile-collapsedRows-layout has-vertical-center\"><div class=\"wp-block-themeisle-blocks-advanced-columns-overlay\"><\/div><div class=\"innerblocks-wrap\">\n<div id=\"wp-block-themeisle-blocks-advanced-column-8efaaa45\" class=\"wp-block-themeisle-blocks-advanced-column\">\n<h2 class=\"wp-block-heading has-text-align-left has-white-color has-text-color has-link-color wp-elements-b17d002df3b020936e9417fd4b475791\">Fiber Optik Sonland\u0131rma<\/h2>\n\n\n\n<p class=\"has-text-align-left has-white-color has-text-color has-link-color wp-elements-d727cd9d26d788a4e08eda903f153029\"><strong>Uzun y\u0131llard\u0131r fiberoptik kablolama alan\u0131nda uzmanla\u015fm\u0131\u015f bir ekip olarak <strong>VDS Fiberoptik<\/strong> ile \u0130stanbul ve Marmara B\u00f6lgesi ba\u015fta olmak \u00fczere bir\u00e7ok ilde profesyonel teknik destek hizmetleri sunuyoruz. Fiberoptik kablo sonland\u0131rma (f\u00fczyon ek), kopan fiber hatlar\u0131n onar\u0131m\u0131, yeni projelerin kablolama i\u015f\u00e7ilikleri ve kapsaml\u0131 fiber teknik servis ihtiya\u00e7lar\u0131n\u0131z\u0131 deneyimli kadromuzla eksiksiz \u015fekilde kar\u015f\u0131l\u0131yoruz.<\/strong><\/p>\n\n\n\n<p class=\"has-white-color has-text-color has-link-color wp-elements-98678c8d092ddc7a072175498ef35c07\"><strong>Modern i\u015fletmeler i\u00e7in y\u00fcksek h\u0131z ve g\u00fcvenilir veri ileti\u015fimi sa\u011flayan fiberoptik altyap\u0131lar b\u00fcy\u00fck \u00f6nem ta\u015f\u0131maktad\u0131r. Bu nedenle projelerinizde; yap\u0131 tipi, kullan\u0131c\u0131 say\u0131s\u0131, veri trafi\u011fi ve b\u00fct\u00e7e planlamas\u0131 gibi kriterleri analiz ederek en do\u011fru fiber topolojisini belirliyor, ihtiya\u00e7lar\u0131n\u0131za \u00f6zel projelendirme ger\u00e7ekle\u015ftiriyoruz.<\/strong><\/p>\n\n\n\n<p class=\"has-white-color has-text-color has-link-color wp-elements-647de7073e000bbba46894385b65c5b2\"><strong>Fiber kablolama kurulumu, mevcut altyap\u0131 ar\u0131zalar\u0131n\u0131n giderilmesi, hat yenileme (revizyon), altyap\u0131 modernizasyonu ve proje dan\u0131\u015fmanl\u0131\u011f\u0131 gibi t\u00fcm s\u00fcre\u00e7lerde m\u00fc\u015fterilerimize h\u0131zl\u0131, kaliteli ve s\u00fcrd\u00fcr\u00fclebilir \u00e7\u00f6z\u00fcmler sunuyoruz. Marmara genelinde g\u00fc\u00e7l\u00fc teknik ekibimiz ve geli\u015fmi\u015f ekipmanlar\u0131m\u0131zla her \u00f6l\u00e7ekteki projeye destek vermeye haz\u0131r\u0131z.<\/strong><\/p>\n<\/div>\n\n\n\n<div id=\"wp-block-themeisle-blocks-advanced-column-1a3e76e1\" class=\"wp-block-themeisle-blocks-advanced-column\">\n<figure class=\"wp-block-image size-full has-custom-border\"><img data-opt-id=731820535  fetchpriority=\"high\" decoding=\"async\" width=\"1024\" height=\"780\" src=\"https:\/\/mlfg9oq6dozq.i.optimole.com\/w:auto\/h:auto\/q:mauto\/f:best\/http:\/\/www.vdsfiberoptik.com\/wp-content\/uploads\/2025\/12\/Fiber-Optik-Sonlandirma-5.png\" alt=\"\" class=\"wp-image-358\" style=\"border-style:none;border-width:0px\" srcset=\"https:\/\/mlfg9oq6dozq.i.optimole.com\/w:1024\/h:780\/q:mauto\/f:best\/http:\/\/www.vdsfiberoptik.com\/wp-content\/uploads\/2025\/12\/Fiber-Optik-Sonlandirma-5.png 1024w, https:\/\/mlfg9oq6dozq.i.optimole.com\/w:300\/h:229\/q:mauto\/f:best\/http:\/\/www.vdsfiberoptik.com\/wp-content\/uploads\/2025\/12\/Fiber-Optik-Sonlandirma-5.png 300w, https:\/\/mlfg9oq6dozq.i.optimole.com\/w:768\/h:585\/q:mauto\/f:best\/http:\/\/www.vdsfiberoptik.com\/wp-content\/uploads\/2025\/12\/Fiber-Optik-Sonlandirma-5.png 768w\" sizes=\"(max-width: 750px) 100vw, 750px\" \/><\/figure>\n<\/div>\n<\/div><\/section>\n\n\n\n<section id=\"wp-block-themeisle-blocks-advanced-columns-7631bb9c\" class=\"wp-block-themeisle-blocks-advanced-columns has-1-columns has-desktop-equal-layout has-tablet-equal-layout has-mobile-equal-layout has-vertical-flex-start\"><div class=\"wp-block-themeisle-blocks-advanced-columns-overlay\"><\/div><div class=\"innerblocks-wrap\">\n<div id=\"wp-block-themeisle-blocks-advanced-column-0af3abff\" class=\"wp-block-themeisle-blocks-advanced-column\"><\/div>\n<\/div><\/section>\n<\/div>\n<\/div><\/section>\n","protected":false},"excerpt":{"rendered":"","protected":false},"author":1,"featured_media":0,"parent":0,"menu_order":0,"comment_status":"closed","ping_status":"closed","template":"","meta":{"_themeisle_gutenberg_block_has_review":false,"footnotes":""},"class_list":["post-394","page","type-page","status-publish","hentry"],"_links":{"self":[{"href":"http:\/\/www.vdsfiberoptik.com\/index.php?rest_route=\/wp\/v2\/pages\/394","targetHints":{"allow":["GET"]}}],"collection":[{"href":"http:\/\/www.vdsfiberoptik.com\/index.php?rest_route=\/wp\/v2\/pages"}],"about":[{"href":"http:\/\/www.vdsfiberoptik.com\/index.php?rest_route=\/wp\/v2\/types\/page"}],"author":[{"embeddable":true,"href":"http:\/\/www.vdsfiberoptik.com\/index.php?rest_route=\/wp\/v2\/users\/1"}],"replies":[{"embeddable":true,"href":"http:\/\/www.vdsfiberoptik.com\/index.php?rest_route=%2Fwp%2Fv2%2Fcomments&post=394"}],"version-history":[{"count":7,"href":"http:\/\/www.vdsfiberoptik.com\/index.php?rest_route=\/wp\/v2\/pages\/394\/revisions"}],"predecessor-version":[{"id":646,"href":"http:\/\/www.vdsfiberoptik.com\/index.php?rest_route=\/wp\/v2\/pages\/394\/revisions\/646"}],"wp:attachment":[{"href":"http:\/\/www.vdsfiberoptik.com\/index.php?rest_route=%2Fwp%2Fv2%2Fmedia&parent=394"}],"curies":[{"name":"wp","href":"https:\/\/api.w.org\/{rel}","templated":true}]}}